{"id":3571,"date":"2024-01-05T16:17:10","date_gmt":"2024-01-05T09:17:10","guid":{"rendered":"https:\/\/cokhitienphat.com\/san-pham\/precision-machining\/"},"modified":"2024-01-05T16:17:10","modified_gmt":"2024-01-05T09:17:10","slug":"precision-machining","status":"publish","type":"product","link":"https:\/\/cokhitienphat.com\/en\/san-pham\/precision-machining\/","title":{"rendered":"Precision Machining"},"content":{"rendered":"","protected":false},"excerpt":{"rendered":"","protected":false},"featured_media":3555,"comment_status":"open","ping_status":"closed","template":"","meta":[],"product_brand":[],"product_cat":[173],"product_tag":[180],"class_list":{"0":"post-3571","1":"product","2":"type-product","3":"status-publish","4":"has-post-thumbnail","6":"product_cat-co-khi-chinh-xac","7":"product_tag-co-khi-chinh-xac","9":"first","10":"instock","11":"shipping-taxable","12":"product-type-simple"},"yoast_head":"<!-- This site is optimized with the Yoast SEO Premium plugin v22.7 (Yoast SEO v27.3) - https:\/\/yoast.com\/product\/yoast-seo-premium-wordpress\/ -->\n<title>Precision Machining - C\u01a1 Kh\u00ed Ti\u1ebfn Ph\u00e1t<\/title>\n<meta name=\"description\" content=\"C\u00f4ng Ty C\u01a1 Kh\u00ed Ti\u1ebfn Ph\u00e1t chuy\u00ean gia c\u00f4ng c\u01a1 kh\u00ed ch\u00ednh x\u00e1c, v\u1edbi \u0111\u1ed9i ng\u0169 k\u1ef9 thu\u1eadt vi\u00ean tay ngh\u1ec1 cao v\u00e0 trang thi\u1ebft b\u1ecb m\u00e1y m\u00f3c hi\u1ec7n \u0111\u1ea1i, Ti\u1ebfn Ph\u00e1t \u0111ang cung c\u1ea5p c\u00e1c s\u1ea3n ph\u1ea9m ch\u1ea5t l\u01b0\u1ee3ng cao cho c\u00e1c kh\u00e1ch h\u00e0ng trong v\u00e0 ngo\u00e0i n\u01b0\u1edbc.\" \/>\n<meta name=\"robots\" content=\"index, follow, max-snippet:-1, max-image-preview:large, max-video-preview:-1\" \/>\n<link rel=\"canonical\" href=\"https:\/\/cokhitienphat.com\/san-pham\/chi-tiet-co-khi-chinh-xac-14\/\" \/>\n<meta property=\"og:locale\" content=\"en_US\" \/>\n<meta property=\"og:type\" content=\"article\" \/>\n<meta property=\"og:title\" content=\"Precision Machining\" \/>\n<meta property=\"og:description\" content=\"C\u00f4ng Ty C\u01a1 Kh\u00ed Ti\u1ebfn Ph\u00e1t chuy\u00ean gia c\u00f4ng c\u01a1 kh\u00ed ch\u00ednh x\u00e1c, v\u1edbi \u0111\u1ed9i ng\u0169 k\u1ef9 thu\u1eadt vi\u00ean tay ngh\u1ec1 cao v\u00e0 trang thi\u1ebft b\u1ecb m\u00e1y m\u00f3c hi\u1ec7n \u0111\u1ea1i, Ti\u1ebfn Ph\u00e1t \u0111ang cung c\u1ea5p c\u00e1c s\u1ea3n ph\u1ea9m ch\u1ea5t l\u01b0\u1ee3ng cao cho c\u00e1c kh\u00e1ch h\u00e0ng trong v\u00e0 ngo\u00e0i n\u01b0\u1edbc.\" \/>\n<meta property=\"og:url\" content=\"https:\/\/cokhitienphat.com\/san-pham\/chi-tiet-co-khi-chinh-xac-14\/\" \/>\n<meta property=\"og:site_name\" content=\"C\u01a1 Kh\u00ed Ti\u1ebfn Ph\u00e1t\" \/>\n<meta property=\"article:publisher\" content=\"https:\/\/www.facebook.com\/profile.php?id=100009931984915\" \/>\n<meta property=\"og:image\" content=\"https:\/\/cokhitienphat.com\/wp-content\/uploads\/2024\/01\/Chi-Tiet-Co-khi-chinh-xac-Precision-Machining-5.webp\" \/>\n\t<meta property=\"og:image:width\" content=\"900\" \/>\n\t<meta property=\"og:image:height\" content=\"900\" \/>\n\t<meta property=\"og:image:type\" content=\"image\/webp\" \/>\n<meta name=\"twitter:card\" content=\"summary_large_image\" \/>\n<script type=\"application\/ld+json\" class=\"yoast-schema-graph\">{\"@context\":\"https:\\\/\\\/schema.org\",\"@graph\":[{\"@type\":\"WebPage\",\"@id\":\"https:\\\/\\\/cokhitienphat.com\\\/san-pham\\\/chi-tiet-co-khi-chinh-xac-14\\\/\",\"url\":\"https:\\\/\\\/cokhitienphat.com\\\/san-pham\\\/chi-tiet-co-khi-chinh-xac-14\\\/\",\"name\":\"Precision Machining - C\u01a1 Kh\u00ed Ti\u1ebfn Ph\u00e1t\",\"isPartOf\":{\"@id\":\"https:\\\/\\\/cokhitienphat.com\\\/#website\"},\"primaryImageOfPage\":{\"@id\":\"https:\\\/\\\/cokhitienphat.com\\\/san-pham\\\/chi-tiet-co-khi-chinh-xac-14\\\/#primaryimage\"},\"image\":{\"@id\":\"https:\\\/\\\/cokhitienphat.com\\\/san-pham\\\/chi-tiet-co-khi-chinh-xac-14\\\/#primaryimage\"},\"thumbnailUrl\":\"https:\\\/\\\/cokhitienphat.com\\\/wp-content\\\/uploads\\\/2024\\\/01\\\/Chi-Tiet-Co-khi-chinh-xac-Precision-Machining-5.webp\",\"datePublished\":\"2024-01-05T09:17:10+00:00\",\"description\":\"C\u00f4ng Ty C\u01a1 Kh\u00ed Ti\u1ebfn Ph\u00e1t chuy\u00ean gia c\u00f4ng c\u01a1 kh\u00ed ch\u00ednh x\u00e1c, v\u1edbi \u0111\u1ed9i ng\u0169 k\u1ef9 thu\u1eadt vi\u00ean tay ngh\u1ec1 cao v\u00e0 trang thi\u1ebft b\u1ecb m\u00e1y m\u00f3c hi\u1ec7n \u0111\u1ea1i, Ti\u1ebfn Ph\u00e1t \u0111ang cung c\u1ea5p c\u00e1c s\u1ea3n ph\u1ea9m ch\u1ea5t l\u01b0\u1ee3ng cao cho c\u00e1c kh\u00e1ch h\u00e0ng trong v\u00e0 ngo\u00e0i n\u01b0\u1edbc.\",\"breadcrumb\":{\"@id\":\"https:\\\/\\\/cokhitienphat.com\\\/san-pham\\\/chi-tiet-co-khi-chinh-xac-14\\\/#breadcrumb\"},\"inLanguage\":\"en-US\",\"potentialAction\":[{\"@type\":\"ReadAction\",\"target\":[\"https:\\\/\\\/cokhitienphat.com\\\/san-pham\\\/chi-tiet-co-khi-chinh-xac-14\\\/\"]}]},{\"@type\":\"ImageObject\",\"inLanguage\":\"en-US\",\"@id\":\"https:\\\/\\\/cokhitienphat.com\\\/san-pham\\\/chi-tiet-co-khi-chinh-xac-14\\\/#primaryimage\",\"url\":\"https:\\\/\\\/cokhitienphat.com\\\/wp-content\\\/uploads\\\/2024\\\/01\\\/Chi-Tiet-Co-khi-chinh-xac-Precision-Machining-5.webp\",\"contentUrl\":\"https:\\\/\\\/cokhitienphat.com\\\/wp-content\\\/uploads\\\/2024\\\/01\\\/Chi-Tiet-Co-khi-chinh-xac-Precision-Machining-5.webp\",\"width\":900,\"height\":900,\"caption\":\"Chi Ti\u1ebft C\u01a1 kh\u00ed ch\u00ednh x\u00e1c - Precision Machining\"},{\"@type\":\"BreadcrumbList\",\"@id\":\"https:\\\/\\\/cokhitienphat.com\\\/san-pham\\\/chi-tiet-co-khi-chinh-xac-14\\\/#breadcrumb\",\"itemListElement\":[{\"@type\":\"ListItem\",\"position\":1,\"name\":\"Trang ch\u1ee7\",\"item\":\"https:\\\/\\\/cokhitienphat.com\\\/en\\\/\"},{\"@type\":\"ListItem\",\"position\":2,\"name\":\"S\u1ea3n ph\u1ea9m\",\"item\":\"https:\\\/\\\/cokhitienphat.com\\\/en\\\/products\\\/\"},{\"@type\":\"ListItem\",\"position\":3,\"name\":\"Precision Machining\"}]},{\"@type\":\"WebSite\",\"@id\":\"https:\\\/\\\/cokhitienphat.com\\\/#website\",\"url\":\"https:\\\/\\\/cokhitienphat.com\\\/\",\"name\":\"C\u01a1 Kh\u00ed Ti\u1ebfn Ph\u00e1t\",\"description\":\"N\u1ed7 l\u1ef1c c\u1ed1ng hi\u1ebfn, G\u1eb7t h\u00e1i ni\u1ec1m tin\",\"publisher\":{\"@id\":\"https:\\\/\\\/cokhitienphat.com\\\/#organization\"},\"potentialAction\":[{\"@type\":\"SearchAction\",\"target\":{\"@type\":\"EntryPoint\",\"urlTemplate\":\"https:\\\/\\\/cokhitienphat.com\\\/?s={search_term_string}\"},\"query-input\":{\"@type\":\"PropertyValueSpecification\",\"valueRequired\":true,\"valueName\":\"search_term_string\"}}],\"inLanguage\":\"en-US\"},{\"@type\":\"Organization\",\"@id\":\"https:\\\/\\\/cokhitienphat.com\\\/#organization\",\"name\":\"C\u01a1 Kh\u00ed Ti\u1ebfn Ph\u00e1t\",\"url\":\"https:\\\/\\\/cokhitienphat.com\\\/\",\"logo\":{\"@type\":\"ImageObject\",\"inLanguage\":\"en-US\",\"@id\":\"https:\\\/\\\/cokhitienphat.com\\\/#\\\/schema\\\/logo\\\/image\\\/\",\"url\":\"https:\\\/\\\/cokhitienphat.com\\\/wp-content\\\/uploads\\\/2023\\\/12\\\/LOGO.png\",\"contentUrl\":\"https:\\\/\\\/cokhitienphat.com\\\/wp-content\\\/uploads\\\/2023\\\/12\\\/LOGO.png\",\"width\":212,\"height\":212,\"caption\":\"C\u01a1 Kh\u00ed Ti\u1ebfn Ph\u00e1t\"},\"image\":{\"@id\":\"https:\\\/\\\/cokhitienphat.com\\\/#\\\/schema\\\/logo\\\/image\\\/\"},\"sameAs\":[\"https:\\\/\\\/www.facebook.com\\\/profile.php?id=100009931984915\"]}]}<\/script>\n<!-- \/ Yoast SEO Premium plugin. -->","yoast_head_json":{"title":"Precision Machining - C\u01a1 Kh\u00ed Ti\u1ebfn Ph\u00e1t","description":"C\u00f4ng Ty C\u01a1 Kh\u00ed Ti\u1ebfn Ph\u00e1t chuy\u00ean gia c\u00f4ng c\u01a1 kh\u00ed ch\u00ednh x\u00e1c, v\u1edbi \u0111\u1ed9i ng\u0169 k\u1ef9 thu\u1eadt vi\u00ean tay ngh\u1ec1 cao v\u00e0 trang thi\u1ebft b\u1ecb m\u00e1y m\u00f3c hi\u1ec7n \u0111\u1ea1i, Ti\u1ebfn Ph\u00e1t \u0111ang cung c\u1ea5p c\u00e1c s\u1ea3n ph\u1ea9m ch\u1ea5t l\u01b0\u1ee3ng cao cho c\u00e1c kh\u00e1ch h\u00e0ng trong v\u00e0 ngo\u00e0i n\u01b0\u1edbc.","robots":{"index":"index","follow":"follow","max-snippet":"max-snippet:-1","max-image-preview":"max-image-preview:large","max-video-preview":"max-video-preview:-1"},"canonical":"https:\/\/cokhitienphat.com\/san-pham\/chi-tiet-co-khi-chinh-xac-14\/","og_locale":"en_US","og_type":"article","og_title":"Precision Machining","og_description":"C\u00f4ng Ty C\u01a1 Kh\u00ed Ti\u1ebfn Ph\u00e1t chuy\u00ean gia c\u00f4ng c\u01a1 kh\u00ed ch\u00ednh x\u00e1c, v\u1edbi \u0111\u1ed9i ng\u0169 k\u1ef9 thu\u1eadt vi\u00ean tay ngh\u1ec1 cao v\u00e0 trang thi\u1ebft b\u1ecb m\u00e1y m\u00f3c hi\u1ec7n \u0111\u1ea1i, Ti\u1ebfn Ph\u00e1t \u0111ang cung c\u1ea5p c\u00e1c s\u1ea3n ph\u1ea9m ch\u1ea5t l\u01b0\u1ee3ng cao cho c\u00e1c kh\u00e1ch h\u00e0ng trong v\u00e0 ngo\u00e0i n\u01b0\u1edbc.","og_url":"https:\/\/cokhitienphat.com\/san-pham\/chi-tiet-co-khi-chinh-xac-14\/","og_site_name":"C\u01a1 Kh\u00ed Ti\u1ebfn Ph\u00e1t","article_publisher":"https:\/\/www.facebook.com\/profile.php?id=100009931984915","og_image":[{"width":900,"height":900,"url":"https:\/\/cokhitienphat.com\/wp-content\/uploads\/2024\/01\/Chi-Tiet-Co-khi-chinh-xac-Precision-Machining-5.webp","type":"image\/webp"}],"twitter_card":"summary_large_image","schema":{"@context":"https:\/\/schema.org","@graph":[{"@type":"WebPage","@id":"https:\/\/cokhitienphat.com\/san-pham\/chi-tiet-co-khi-chinh-xac-14\/","url":"https:\/\/cokhitienphat.com\/san-pham\/chi-tiet-co-khi-chinh-xac-14\/","name":"Precision Machining - C\u01a1 Kh\u00ed Ti\u1ebfn Ph\u00e1t","isPartOf":{"@id":"https:\/\/cokhitienphat.com\/#website"},"primaryImageOfPage":{"@id":"https:\/\/cokhitienphat.com\/san-pham\/chi-tiet-co-khi-chinh-xac-14\/#primaryimage"},"image":{"@id":"https:\/\/cokhitienphat.com\/san-pham\/chi-tiet-co-khi-chinh-xac-14\/#primaryimage"},"thumbnailUrl":"https:\/\/cokhitienphat.com\/wp-content\/uploads\/2024\/01\/Chi-Tiet-Co-khi-chinh-xac-Precision-Machining-5.webp","datePublished":"2024-01-05T09:17:10+00:00","description":"C\u00f4ng Ty C\u01a1 Kh\u00ed Ti\u1ebfn Ph\u00e1t chuy\u00ean gia c\u00f4ng c\u01a1 kh\u00ed ch\u00ednh x\u00e1c, v\u1edbi \u0111\u1ed9i ng\u0169 k\u1ef9 thu\u1eadt vi\u00ean tay ngh\u1ec1 cao v\u00e0 trang thi\u1ebft b\u1ecb m\u00e1y m\u00f3c hi\u1ec7n \u0111\u1ea1i, Ti\u1ebfn Ph\u00e1t \u0111ang cung c\u1ea5p c\u00e1c s\u1ea3n ph\u1ea9m ch\u1ea5t l\u01b0\u1ee3ng cao cho c\u00e1c kh\u00e1ch h\u00e0ng trong v\u00e0 ngo\u00e0i n\u01b0\u1edbc.","breadcrumb":{"@id":"https:\/\/cokhitienphat.com\/san-pham\/chi-tiet-co-khi-chinh-xac-14\/#breadcrumb"},"inLanguage":"en-US","potentialAction":[{"@type":"ReadAction","target":["https:\/\/cokhitienphat.com\/san-pham\/chi-tiet-co-khi-chinh-xac-14\/"]}]},{"@type":"ImageObject","inLanguage":"en-US","@id":"https:\/\/cokhitienphat.com\/san-pham\/chi-tiet-co-khi-chinh-xac-14\/#primaryimage","url":"https:\/\/cokhitienphat.com\/wp-content\/uploads\/2024\/01\/Chi-Tiet-Co-khi-chinh-xac-Precision-Machining-5.webp","contentUrl":"https:\/\/cokhitienphat.com\/wp-content\/uploads\/2024\/01\/Chi-Tiet-Co-khi-chinh-xac-Precision-Machining-5.webp","width":900,"height":900,"caption":"Chi Ti\u1ebft C\u01a1 kh\u00ed ch\u00ednh x\u00e1c - Precision Machining"},{"@type":"BreadcrumbList","@id":"https:\/\/cokhitienphat.com\/san-pham\/chi-tiet-co-khi-chinh-xac-14\/#breadcrumb","itemListElement":[{"@type":"ListItem","position":1,"name":"Trang ch\u1ee7","item":"https:\/\/cokhitienphat.com\/en\/"},{"@type":"ListItem","position":2,"name":"S\u1ea3n ph\u1ea9m","item":"https:\/\/cokhitienphat.com\/en\/products\/"},{"@type":"ListItem","position":3,"name":"Precision Machining"}]},{"@type":"WebSite","@id":"https:\/\/cokhitienphat.com\/#website","url":"https:\/\/cokhitienphat.com\/","name":"C\u01a1 Kh\u00ed Ti\u1ebfn Ph\u00e1t","description":"N\u1ed7 l\u1ef1c c\u1ed1ng hi\u1ebfn, G\u1eb7t h\u00e1i ni\u1ec1m tin","publisher":{"@id":"https:\/\/cokhitienphat.com\/#organization"},"potentialAction":[{"@type":"SearchAction","target":{"@type":"EntryPoint","urlTemplate":"https:\/\/cokhitienphat.com\/?s={search_term_string}"},"query-input":{"@type":"PropertyValueSpecification","valueRequired":true,"valueName":"search_term_string"}}],"inLanguage":"en-US"},{"@type":"Organization","@id":"https:\/\/cokhitienphat.com\/#organization","name":"C\u01a1 Kh\u00ed Ti\u1ebfn Ph\u00e1t","url":"https:\/\/cokhitienphat.com\/","logo":{"@type":"ImageObject","inLanguage":"en-US","@id":"https:\/\/cokhitienphat.com\/#\/schema\/logo\/image\/","url":"https:\/\/cokhitienphat.com\/wp-content\/uploads\/2023\/12\/LOGO.png","contentUrl":"https:\/\/cokhitienphat.com\/wp-content\/uploads\/2023\/12\/LOGO.png","width":212,"height":212,"caption":"C\u01a1 Kh\u00ed Ti\u1ebfn Ph\u00e1t"},"image":{"@id":"https:\/\/cokhitienphat.com\/#\/schema\/logo\/image\/"},"sameAs":["https:\/\/www.facebook.com\/profile.php?id=100009931984915"]}]}},"_links":{"self":[{"href":"https:\/\/cokhitienphat.com\/en\/wp-json\/wp\/v2\/product\/3571","targetHints":{"allow":["GET"]}}],"collection":[{"href":"https:\/\/cokhitienphat.com\/en\/wp-json\/wp\/v2\/product"}],"about":[{"href":"https:\/\/cokhitienphat.com\/en\/wp-json\/wp\/v2\/types\/product"}],"replies":[{"embeddable":true,"href":"https:\/\/cokhitienphat.com\/en\/wp-json\/wp\/v2\/comments?post=3571"}],"wp:featuredmedia":[{"embeddable":true,"href":"https:\/\/cokhitienphat.com\/en\/wp-json\/wp\/v2\/media\/3555"}],"wp:attachment":[{"href":"https:\/\/cokhitienphat.com\/en\/wp-json\/wp\/v2\/media?parent=3571"}],"wp:term":[{"taxonomy":"product_brand","embeddable":true,"href":"https:\/\/cokhitienphat.com\/en\/wp-json\/wp\/v2\/product_brand?post=3571"},{"taxonomy":"product_cat","embeddable":true,"href":"https:\/\/cokhitienphat.com\/en\/wp-json\/wp\/v2\/product_cat?post=3571"},{"taxonomy":"product_tag","embeddable":true,"href":"https:\/\/cokhitienphat.com\/en\/wp-json\/wp\/v2\/product_tag?post=3571"}],"curies":[{"name":"wp","href":"https:\/\/api.w.org\/{rel}","templated":true}]}}