{"id":3276,"date":"2026-01-26T16:33:43","date_gmt":"2026-01-26T09:33:43","guid":{"rendered":"https:\/\/cokhitienphat.com\/?post_type=product&#038;p=3276"},"modified":"2026-01-27T09:51:41","modified_gmt":"2026-01-27T02:51:41","slug":"mam-ga-khuon-die-flange","status":"publish","type":"product","link":"https:\/\/cokhitienphat.com\/en\/san-pham\/mam-ga-khuon-die-flange\/","title":{"rendered":"Die Flange"},"content":{"rendered":"<h2 data-start=\"0\" data-end=\"40\"><strong>Function of the Die Flange<\/strong><\/h2>\n<p data-start=\"42\" data-end=\"598\" data-is-last-node=\"\" data-is-only-node=\"\">The <strong data-start=\"36\" data-end=\"50\">Die Flange<\/strong> is an intermediate component that securely connects the <strong data-start=\"107\" data-end=\"121\">Main Shaft<\/strong> to the <strong data-start=\"129\" data-end=\"148\">Pellet Ring Die<\/strong>, ensuring the die is firmly fixed throughout operation. It plays a critical role in transmitting torque smoothly and continuously from the main shaft to the die, allowing stable rotation, reducing vibration, and minimizing misalignment. A precisely machined die flange not only protects the pellet ring die from cracking and uneven wear, but also enhances pressing efficiency and increases the durability and service life of the entire pelletizing assembly.<\/p>\n<figure id=\"attachment_3288\" aria-describedby=\"caption-attachment-3288\" style=\"width: 600px\" class=\"wp-caption aligncenter\"><a href=\"https:\/\/cokhitienphat.com\/wp-content\/uploads\/2026\/01\/Mam-ga-khuon-Die-Flange-5.webp\"><img loading=\"lazy\" decoding=\"async\" class=\"wp-image-3288\" src=\"https:\/\/cokhitienphat.com\/wp-content\/uploads\/2026\/01\/Mam-ga-khuon-Die-Flange-5.webp\" alt=\"M\u00e2m g\u00e1 khu\u00f4n - Die Flange\" width=\"600\" height=\"600\" srcset=\"https:\/\/cokhitienphat.com\/wp-content\/uploads\/2026\/01\/Mam-ga-khuon-Die-Flange-5.webp 900w, https:\/\/cokhitienphat.com\/wp-content\/uploads\/2026\/01\/Mam-ga-khuon-Die-Flange-5-300x300.webp 300w, https:\/\/cokhitienphat.com\/wp-content\/uploads\/2026\/01\/Mam-ga-khuon-Die-Flange-5-150x150.webp 150w, https:\/\/cokhitienphat.com\/wp-content\/uploads\/2026\/01\/Mam-ga-khuon-Die-Flange-5-768x768.webp 768w, https:\/\/cokhitienphat.com\/wp-content\/uploads\/2026\/01\/Mam-ga-khuon-Die-Flange-5-600x600.webp 600w, https:\/\/cokhitienphat.com\/wp-content\/uploads\/2026\/01\/Mam-ga-khuon-Die-Flange-5-100x100.webp 100w\" sizes=\"auto, (max-width: 600px) 100vw, 600px\" \/><\/a><figcaption id=\"caption-attachment-3288\" class=\"wp-caption-text\">M\u00e2m g\u00e1 khu\u00f4n &#8211; Die Flange<\/figcaption><\/figure>\n<div class=\"text-base my-auto mx-auto pb-10 [--thread-content-margin:--spacing(4)] @w-sm\/main:[--thread-content-margin:--spacing(6)] @w-lg\/main:[--thread-content-margin:--spacing(16)] px-(--thread-content-margin)\">\n<div class=\"[--thread-content-max-width:40rem] @w-lg\/main:[--thread-content-max-width:48rem] mx-auto max-w-(--thread-content-max-width) flex-1 group\/turn-messages focus-visible:outline-hidden relative flex w-full min-w-0 flex-col agent-turn\" tabindex=\"-1\">\n<div class=\"flex max-w-full flex-col grow\">\n<div class=\"min-h-8 text-message relative flex w-full flex-col items-end gap-2 text-start break-words whitespace-normal [.text-message+&amp;]:mt-1\" dir=\"auto\" data-message-author-role=\"assistant\" data-message-id=\"b90c348e-a7f1-4ec6-958a-d915baef07bb\" data-message-model-slug=\"gpt-5-2\">\n<div class=\"flex w-full flex-col gap-1 empty:hidden first:pt-[1px]\">\n<div class=\"markdown prose dark:prose-invert w-full break-words light markdown-new-styling\">\n<h2 data-start=\"0\" data-end=\"48\"><strong data-start=\"0\" data-end=\"48\">Die Flange Machining at Tien Phat Mechanical<\/strong><\/h2>\n<p data-start=\"50\" data-end=\"740\">At <strong data-start=\"53\" data-end=\"77\">Tien Phat Mechanical<\/strong>, the <strong data-start=\"83\" data-end=\"97\">Die Flange<\/strong> is precisely machined using advanced CNC systems to ensure strict compliance with technical designs, high concentricity, and accurate fitting with both the main shaft and the pellet ring die. The flange structure is optimally engineered to transmit torque steadily from the main shaft to the die, allowing the die to operate firmly, reducing vibration, and minimizing misalignment during the pelletizing process. High-quality steel blanks are carefully selected and combined with controlled heat-treatment processes to enhance load-bearing capacity, wear resistance, and suitability for continuous operation under heavy loads in pellet mills.<\/p>\n<p data-start=\"742\" data-end=\"1245\" data-is-last-node=\"\" data-is-only-node=\"\">In addition, a strict quality control system is applied throughout the entire production process, including inspections of overall dimensions, concentricity, mounting surfaces, hardness, and other critical technical parameters, supported by modern measuring equipment. As a result, every <strong data-start=\"1030\" data-end=\"1044\">Die Flange<\/strong> delivered meets all technical requirements, ensuring stable, safe, and durable operation over long service periods, while contributing to extended die life and improved overall pelletizing efficiency.<\/p>\n<\/div>\n<\/div>\n<\/div>\n<\/div>\n<\/div>\n<\/div>\n<h2 data-start=\"2324\" data-end=\"2355\"><strong data-start=\"2327\" data-end=\"2355\">Technical Specifications<\/strong><\/h2>\n<ul data-start=\"2357\" data-end=\"2604\">\n<li data-start=\"2357\" data-end=\"2386\">\n<p data-start=\"2359\" data-end=\"2386\"><strong data-start=\"2359\" data-end=\"2372\">Material:<\/strong> Alloy Steel<\/p>\n<\/li>\n<li data-start=\"2387\" data-end=\"2414\">\n<p data-start=\"2389\" data-end=\"2414\"><strong data-start=\"2389\" data-end=\"2402\">Hardness:<\/strong> 54\u201356 HRC<\/p>\n<\/li>\n<li data-start=\"2415\" data-end=\"2460\">\n<p data-start=\"2417\" data-end=\"2460\"><strong data-start=\"2417\" data-end=\"2436\">Heat Treatment:<\/strong> Vacuum heat treatment<\/p>\n<\/li>\n<li data-start=\"2461\" data-end=\"2604\">\n<p data-start=\"2463\" data-end=\"2604\"><strong data-start=\"2463\" data-end=\"2473\">Types:<\/strong> Customized based on machine models and customer requirements<\/p>\n<\/li>\n<\/ul>\n<h2 data-start=\"2611\" data-end=\"2637\"><strong data-start=\"2614\" data-end=\"2637\">Ordering &amp; Delivery<\/strong><\/h2>\n<p data-start=\"2639\" data-end=\"2689\">Optimized processes to minimize customer downtime:<\/p>\n<ul data-start=\"2691\" data-end=\"3193\">\n<li data-start=\"2691\" data-end=\"2755\">\n<p data-start=\"2693\" data-end=\"2755\"><strong data-start=\"2693\" data-end=\"2707\">Quotation:<\/strong> Detailed response within <strong data-start=\"2733\" data-end=\"2753\">24 working hours<\/strong><\/p>\n<\/li>\n<li data-start=\"2756\" data-end=\"2880\">\n<p data-start=\"2758\" data-end=\"2880\"><strong data-start=\"2758\" data-end=\"2786\">Manufacturing Lead Time:<\/strong> 15<strong data-start=\"2787\" data-end=\"2801\">-20 days<\/strong>, depending on Extruder Machine Shaft type and raw material<br data-start=\"2843\" data-end=\"2846\" \/>(urgent orders can be expedited)<\/p>\n<\/li>\n<li data-start=\"2881\" data-end=\"3073\">\n<p data-start=\"2883\" data-end=\"2898\"><strong data-start=\"2883\" data-end=\"2896\">Shipping:<\/strong><\/p>\n<ul data-start=\"2901\" data-end=\"3073\">\n<li data-start=\"2901\" data-end=\"2983\">\n<p data-start=\"2903\" data-end=\"2983\"><strong data-start=\"2903\" data-end=\"2916\">Domestic:<\/strong> Door-to-door delivery within <strong data-start=\"2946\" data-end=\"2958\">2\u20135 days<\/strong>, depending on location<\/p>\n<\/li>\n<li data-start=\"2986\" data-end=\"3073\">\n<p data-start=\"2988\" data-end=\"3073\"><strong data-start=\"2988\" data-end=\"2999\">Export:<\/strong> Support for various Incoterms (<strong data-start=\"3031\" data-end=\"3059\">FOB, CIF, CIP, DDP, etc.<\/strong>) upon request<\/p>\n<\/li>\n<\/ul>\n<\/li>\n<li data-start=\"3074\" data-end=\"3193\">\n<p data-start=\"3076\" data-end=\"3193\"><strong data-start=\"3076\" data-end=\"3090\">Packaging:<\/strong> Rust-preventive oil coating, shrink wrapping, and sealed wooden crates compliant with export standards<\/p>\n<\/li>\n<\/ul>\n<h2 data-start=\"3200\" data-end=\"3224\"><strong data-start=\"3203\" data-end=\"3224\">Technical Support<\/strong><\/h2>\n<p data-start=\"3226\" data-end=\"3333\">Remote online technical support or on-site assistance at the customer\u2019s factory, depending on requirements.<\/p>\n<h2 data-start=\"3340\" data-end=\"3357\"><strong data-start=\"3343\" data-end=\"3357\">Commitment<\/strong><\/h2>\n<p data-start=\"3359\" data-end=\"3563\">With a team of experienced and professional engineers and technicians, Tien Phat ensures finished products with high precision that fully meet technical requirements and respond quickly to customer needs.<\/p>\n<p data-start=\"3565\" data-end=\"3867\">Tien Phat Mechanical place trust and reliability at the core of our operations and are committed to completing all orders on time while maintaining the highest quality standards. In the event of equipment issues, Tien Phat Mechanical pledge to provide prompt solutions and timely support to minimize downtime and losses for our customers.<\/p>\n<h2 data-start=\"3874\" data-end=\"3900\"><strong data-start=\"3877\" data-end=\"3900\">Contact Information<\/strong><\/h2>\n<p data-start=\"3902\" data-end=\"3962\"><strong data-start=\"3902\" data-end=\"3960\">Tien Phat Trading &amp; Service Mechanical Company Limited<\/strong><\/p>\n<ul>\n<li data-start=\"3965\" data-end=\"4051\"><strong data-start=\"3965\" data-end=\"3981\">Head Office:<\/strong> 237A National Highway 1K, Linh Xuan Ward, Ho Chi Minh City, Vietnam<\/li>\n<li data-start=\"4054\" data-end=\"4151\"><strong data-start=\"4054\" data-end=\"4073\">Branch Factory:<\/strong> No. 3, Cay Tram Residential Area, Tan Khanh Ward, Ho Chi Minh City, Vietnam<\/li>\n<li data-start=\"4154\" data-end=\"4194\"><strong data-start=\"4154\" data-end=\"4166\">Website:<\/strong> <a class=\"decorated-link\" href=\"https:\/\/cokhitienphat.com\/en\/\" target=\"_new\" rel=\"noopener\" data-start=\"4167\" data-end=\"4192\">https:\/\/cokhitienphat.com<\/a><\/li>\n<li data-start=\"4197\" data-end=\"4233\"><strong data-start=\"4197\" data-end=\"4207\">Email:<\/strong> <a class=\"decorated-link cursor-pointer\" rel=\"noopener\" data-start=\"4208\" data-end=\"4231\">cokhitienphat@gmail.com<\/a><\/li>\n<li data-start=\"4236\" data-end=\"4266\"><strong data-start=\"4236\" data-end=\"4246\">Phone:<\/strong> (+84) 937 059 288<\/li>\n<li data-start=\"4269\" data-end=\"4308\"><strong data-start=\"4269\" data-end=\"4282\">Facebook:<\/strong><a href=\"https:\/\/www.facebook.com\/profile.php?id=100066512748305\"> facebook.com\/cokhitienphat<\/a><\/li>\n<\/ul>\n","protected":false},"excerpt":{"rendered":"<ul>\n<li data-start=\"128\" data-end=\"152\">\n<p data-start=\"130\" data-end=\"152\"><strong data-start=\"130\" data-end=\"140\">Brand:<\/strong> TIEN PHAT<\/p>\n<\/li>\n<li data-start=\"153\" data-end=\"229\">\n<p data-start=\"155\" data-end=\"229\"><strong data-start=\"155\" data-end=\"172\">Manufacturer:<\/strong> Tien Phat Trading &amp; Service Mechanical Company Limited<\/p>\n<\/li>\n<li data-start=\"230\" data-end=\"264\">\n<p data-start=\"232\" data-end=\"264\"><strong data-start=\"232\" data-end=\"254\">Country of Origin:<\/strong> Vietnam<\/p>\n<\/li>\n<li data-start=\"265\" data-end=\"292\">\n<p data-start=\"267\" data-end=\"292\"><strong data-start=\"267\" data-end=\"281\">Condition:<\/strong> 100% New<\/p>\n<\/li>\n<li data-start=\"318\" data-end=\"415\">\n<p data-start=\"320\" data-end=\"415\"><strong data-start=\"320\" data-end=\"343\">Dimensions &amp; Types:<\/strong> Various; designed and manufactured according to customer requirements<\/p>\n<\/li>\n<li data-start=\"416\" data-end=\"519\">\n<p data-start=\"418\" data-end=\"519\"><strong data-start=\"418\" data-end=\"440\">Technical Support:<\/strong> Engineering consultation available based on customers\u2019 production requirements<\/p>\n<\/li>\n<\/ul>\n","protected":false},"featured_media":3279,"comment_status":"open","ping_status":"closed","template":"","meta":[],"product_brand":[],"product_cat":[168,166],"product_tag":[249,250,231,174],"class_list":{"0":"post-3276","1":"product","2":"type-product","3":"status-publish","4":"has-post-thumbnail","6":"product_cat-phu-tung-may-ep-vien","7":"product_cat-replacement-parts","8":"product_tag-die-flange","9":"product_tag-mam-ga-khuon","10":"product_tag-phu-tung-may-ep-vien","11":"product_tag-phu-tung-thay-the","13":"first","14":"instock","15":"shipping-taxable","16":"product-type-simple"},"yoast_head":"<!-- This site is optimized with the Yoast SEO Premium plugin v22.7 (Yoast SEO v27.4) - https:\/\/yoast.com\/product\/yoast-seo-premium-wordpress\/ -->\n<title>M\u00e2m g\u00e1 khu\u00f4n - C\u01a1 kh\u00ed Ti\u1ebfn Ph\u00e1t<\/title>\n<meta name=\"description\" content=\"Die Clamp at Tien Phat Mechanical is precisely CNC-machined to ensure full compliance with technical designs, high concentricity, and accurate fitting with both the main shaft and the pellet ring die.\" \/>\n<meta name=\"robots\" content=\"index, follow, max-snippet:-1, max-image-preview:large, max-video-preview:-1\" \/>\n<link rel=\"canonical\" href=\"https:\/\/cokhitienphat.com\/en\/san-pham\/mam-ga-khuon-die-flange\/\" \/>\n<meta property=\"og:locale\" content=\"en_US\" \/>\n<meta property=\"og:type\" content=\"article\" \/>\n<meta property=\"og:title\" content=\"Die Flange\" \/>\n<meta property=\"og:description\" content=\"Die Clamp at Tien Phat Mechanical is precisely CNC-machined to ensure full compliance with technical designs, high concentricity, and accurate fitting with both the main shaft and the pellet ring die.\" \/>\n<meta property=\"og:url\" content=\"https:\/\/cokhitienphat.com\/en\/san-pham\/mam-ga-khuon-die-flange\/\" \/>\n<meta property=\"og:site_name\" content=\"C\u01a1 Kh\u00ed Ti\u1ebfn Ph\u00e1t\" \/>\n<meta property=\"article:publisher\" content=\"https:\/\/www.facebook.com\/profile.php?id=100009931984915\" \/>\n<meta property=\"article:modified_time\" content=\"2026-01-27T02:51:41+00:00\" \/>\n<meta property=\"og:image\" content=\"https:\/\/cokhitienphat.com\/wp-content\/uploads\/2026\/01\/Mam-ga-khuon-Die-Flange.webp\" \/>\n\t<meta property=\"og:image:width\" content=\"900\" \/>\n\t<meta property=\"og:image:height\" content=\"900\" \/>\n\t<meta property=\"og:image:type\" content=\"image\/webp\" \/>\n<meta name=\"twitter:card\" content=\"summary_large_image\" \/>\n<meta name=\"twitter:label1\" content=\"Est. reading time\" \/>\n\t<meta name=\"twitter:data1\" content=\"3 minutes\" \/>\n<script type=\"application\/ld+json\" class=\"yoast-schema-graph\">{\"@context\":\"https:\\\/\\\/schema.org\",\"@graph\":[{\"@type\":\"WebPage\",\"@id\":\"https:\\\/\\\/cokhitienphat.com\\\/en\\\/san-pham\\\/mam-ga-khuon-die-flange\\\/\",\"url\":\"https:\\\/\\\/cokhitienphat.com\\\/en\\\/san-pham\\\/mam-ga-khuon-die-flange\\\/\",\"name\":\"M\u00e2m g\u00e1 khu\u00f4n - C\u01a1 kh\u00ed Ti\u1ebfn Ph\u00e1t\",\"isPartOf\":{\"@id\":\"https:\\\/\\\/cokhitienphat.com\\\/#website\"},\"primaryImageOfPage\":{\"@id\":\"https:\\\/\\\/cokhitienphat.com\\\/en\\\/san-pham\\\/mam-ga-khuon-die-flange\\\/#primaryimage\"},\"image\":{\"@id\":\"https:\\\/\\\/cokhitienphat.com\\\/en\\\/san-pham\\\/mam-ga-khuon-die-flange\\\/#primaryimage\"},\"thumbnailUrl\":\"https:\\\/\\\/cokhitienphat.com\\\/wp-content\\\/uploads\\\/2026\\\/01\\\/Mam-ga-khuon-Die-Flange.webp\",\"datePublished\":\"2026-01-26T09:33:43+00:00\",\"dateModified\":\"2026-01-27T02:51:41+00:00\",\"description\":\"Die Clamp at Tien Phat Mechanical is precisely CNC-machined to ensure full compliance with technical designs, high concentricity, and accurate fitting with both the main shaft and the pellet ring die.\",\"breadcrumb\":{\"@id\":\"https:\\\/\\\/cokhitienphat.com\\\/en\\\/san-pham\\\/mam-ga-khuon-die-flange\\\/#breadcrumb\"},\"inLanguage\":\"en-US\",\"potentialAction\":[{\"@type\":\"ReadAction\",\"target\":[\"https:\\\/\\\/cokhitienphat.com\\\/en\\\/san-pham\\\/mam-ga-khuon-die-flange\\\/\"]}]},{\"@type\":\"ImageObject\",\"inLanguage\":\"en-US\",\"@id\":\"https:\\\/\\\/cokhitienphat.com\\\/en\\\/san-pham\\\/mam-ga-khuon-die-flange\\\/#primaryimage\",\"url\":\"https:\\\/\\\/cokhitienphat.com\\\/wp-content\\\/uploads\\\/2026\\\/01\\\/Mam-ga-khuon-Die-Flange.webp\",\"contentUrl\":\"https:\\\/\\\/cokhitienphat.com\\\/wp-content\\\/uploads\\\/2026\\\/01\\\/Mam-ga-khuon-Die-Flange.webp\",\"width\":900,\"height\":900,\"caption\":\"M\u00e2m g\u00e1 khu\u00f4n - Die Flange\"},{\"@type\":\"BreadcrumbList\",\"@id\":\"https:\\\/\\\/cokhitienphat.com\\\/en\\\/san-pham\\\/mam-ga-khuon-die-flange\\\/#breadcrumb\",\"itemListElement\":[{\"@type\":\"ListItem\",\"position\":1,\"name\":\"Trang ch\u1ee7\",\"item\":\"https:\\\/\\\/cokhitienphat.com\\\/en\\\/\"},{\"@type\":\"ListItem\",\"position\":2,\"name\":\"S\u1ea3n ph\u1ea9m\",\"item\":\"https:\\\/\\\/cokhitienphat.com\\\/en\\\/products\\\/\"},{\"@type\":\"ListItem\",\"position\":3,\"name\":\"Die Flange\"}]},{\"@type\":\"WebSite\",\"@id\":\"https:\\\/\\\/cokhitienphat.com\\\/#website\",\"url\":\"https:\\\/\\\/cokhitienphat.com\\\/\",\"name\":\"C\u01a1 Kh\u00ed Ti\u1ebfn Ph\u00e1t\",\"description\":\"N\u1ed7 l\u1ef1c c\u1ed1ng hi\u1ebfn, G\u1eb7t h\u00e1i ni\u1ec1m tin\",\"publisher\":{\"@id\":\"https:\\\/\\\/cokhitienphat.com\\\/#organization\"},\"potentialAction\":[{\"@type\":\"SearchAction\",\"target\":{\"@type\":\"EntryPoint\",\"urlTemplate\":\"https:\\\/\\\/cokhitienphat.com\\\/?s={search_term_string}\"},\"query-input\":{\"@type\":\"PropertyValueSpecification\",\"valueRequired\":true,\"valueName\":\"search_term_string\"}}],\"inLanguage\":\"en-US\"},{\"@type\":\"Organization\",\"@id\":\"https:\\\/\\\/cokhitienphat.com\\\/#organization\",\"name\":\"C\u01a1 Kh\u00ed Ti\u1ebfn Ph\u00e1t\",\"url\":\"https:\\\/\\\/cokhitienphat.com\\\/\",\"logo\":{\"@type\":\"ImageObject\",\"inLanguage\":\"en-US\",\"@id\":\"https:\\\/\\\/cokhitienphat.com\\\/#\\\/schema\\\/logo\\\/image\\\/\",\"url\":\"https:\\\/\\\/cokhitienphat.com\\\/wp-content\\\/uploads\\\/2023\\\/12\\\/LOGO.png\",\"contentUrl\":\"https:\\\/\\\/cokhitienphat.com\\\/wp-content\\\/uploads\\\/2023\\\/12\\\/LOGO.png\",\"width\":212,\"height\":212,\"caption\":\"C\u01a1 Kh\u00ed Ti\u1ebfn Ph\u00e1t\"},\"image\":{\"@id\":\"https:\\\/\\\/cokhitienphat.com\\\/#\\\/schema\\\/logo\\\/image\\\/\"},\"sameAs\":[\"https:\\\/\\\/www.facebook.com\\\/profile.php?id=100009931984915\"]}]}<\/script>\n<!-- \/ Yoast SEO Premium plugin. -->","yoast_head_json":{"title":"M\u00e2m g\u00e1 khu\u00f4n - C\u01a1 kh\u00ed Ti\u1ebfn Ph\u00e1t","description":"Die Clamp at Tien Phat Mechanical is precisely CNC-machined to ensure full compliance with technical designs, high concentricity, and accurate fitting with both the main shaft and the pellet ring die.","robots":{"index":"index","follow":"follow","max-snippet":"max-snippet:-1","max-image-preview":"max-image-preview:large","max-video-preview":"max-video-preview:-1"},"canonical":"https:\/\/cokhitienphat.com\/en\/san-pham\/mam-ga-khuon-die-flange\/","og_locale":"en_US","og_type":"article","og_title":"Die Flange","og_description":"Die Clamp at Tien Phat Mechanical is precisely CNC-machined to ensure full compliance with technical designs, high concentricity, and accurate fitting with both the main shaft and the pellet ring die.","og_url":"https:\/\/cokhitienphat.com\/en\/san-pham\/mam-ga-khuon-die-flange\/","og_site_name":"C\u01a1 Kh\u00ed Ti\u1ebfn Ph\u00e1t","article_publisher":"https:\/\/www.facebook.com\/profile.php?id=100009931984915","article_modified_time":"2026-01-27T02:51:41+00:00","og_image":[{"width":900,"height":900,"url":"https:\/\/cokhitienphat.com\/wp-content\/uploads\/2026\/01\/Mam-ga-khuon-Die-Flange.webp","type":"image\/webp"}],"twitter_card":"summary_large_image","twitter_misc":{"Est. reading time":"3 minutes"},"schema":{"@context":"https:\/\/schema.org","@graph":[{"@type":"WebPage","@id":"https:\/\/cokhitienphat.com\/en\/san-pham\/mam-ga-khuon-die-flange\/","url":"https:\/\/cokhitienphat.com\/en\/san-pham\/mam-ga-khuon-die-flange\/","name":"M\u00e2m g\u00e1 khu\u00f4n - C\u01a1 kh\u00ed Ti\u1ebfn Ph\u00e1t","isPartOf":{"@id":"https:\/\/cokhitienphat.com\/#website"},"primaryImageOfPage":{"@id":"https:\/\/cokhitienphat.com\/en\/san-pham\/mam-ga-khuon-die-flange\/#primaryimage"},"image":{"@id":"https:\/\/cokhitienphat.com\/en\/san-pham\/mam-ga-khuon-die-flange\/#primaryimage"},"thumbnailUrl":"https:\/\/cokhitienphat.com\/wp-content\/uploads\/2026\/01\/Mam-ga-khuon-Die-Flange.webp","datePublished":"2026-01-26T09:33:43+00:00","dateModified":"2026-01-27T02:51:41+00:00","description":"Die Clamp at Tien Phat Mechanical is precisely CNC-machined to ensure full compliance with technical designs, high concentricity, and accurate fitting with both the main shaft and the pellet ring die.","breadcrumb":{"@id":"https:\/\/cokhitienphat.com\/en\/san-pham\/mam-ga-khuon-die-flange\/#breadcrumb"},"inLanguage":"en-US","potentialAction":[{"@type":"ReadAction","target":["https:\/\/cokhitienphat.com\/en\/san-pham\/mam-ga-khuon-die-flange\/"]}]},{"@type":"ImageObject","inLanguage":"en-US","@id":"https:\/\/cokhitienphat.com\/en\/san-pham\/mam-ga-khuon-die-flange\/#primaryimage","url":"https:\/\/cokhitienphat.com\/wp-content\/uploads\/2026\/01\/Mam-ga-khuon-Die-Flange.webp","contentUrl":"https:\/\/cokhitienphat.com\/wp-content\/uploads\/2026\/01\/Mam-ga-khuon-Die-Flange.webp","width":900,"height":900,"caption":"M\u00e2m g\u00e1 khu\u00f4n - Die Flange"},{"@type":"BreadcrumbList","@id":"https:\/\/cokhitienphat.com\/en\/san-pham\/mam-ga-khuon-die-flange\/#breadcrumb","itemListElement":[{"@type":"ListItem","position":1,"name":"Trang ch\u1ee7","item":"https:\/\/cokhitienphat.com\/en\/"},{"@type":"ListItem","position":2,"name":"S\u1ea3n ph\u1ea9m","item":"https:\/\/cokhitienphat.com\/en\/products\/"},{"@type":"ListItem","position":3,"name":"Die Flange"}]},{"@type":"WebSite","@id":"https:\/\/cokhitienphat.com\/#website","url":"https:\/\/cokhitienphat.com\/","name":"C\u01a1 Kh\u00ed Ti\u1ebfn Ph\u00e1t","description":"N\u1ed7 l\u1ef1c c\u1ed1ng hi\u1ebfn, G\u1eb7t h\u00e1i ni\u1ec1m tin","publisher":{"@id":"https:\/\/cokhitienphat.com\/#organization"},"potentialAction":[{"@type":"SearchAction","target":{"@type":"EntryPoint","urlTemplate":"https:\/\/cokhitienphat.com\/?s={search_term_string}"},"query-input":{"@type":"PropertyValueSpecification","valueRequired":true,"valueName":"search_term_string"}}],"inLanguage":"en-US"},{"@type":"Organization","@id":"https:\/\/cokhitienphat.com\/#organization","name":"C\u01a1 Kh\u00ed Ti\u1ebfn Ph\u00e1t","url":"https:\/\/cokhitienphat.com\/","logo":{"@type":"ImageObject","inLanguage":"en-US","@id":"https:\/\/cokhitienphat.com\/#\/schema\/logo\/image\/","url":"https:\/\/cokhitienphat.com\/wp-content\/uploads\/2023\/12\/LOGO.png","contentUrl":"https:\/\/cokhitienphat.com\/wp-content\/uploads\/2023\/12\/LOGO.png","width":212,"height":212,"caption":"C\u01a1 Kh\u00ed Ti\u1ebfn Ph\u00e1t"},"image":{"@id":"https:\/\/cokhitienphat.com\/#\/schema\/logo\/image\/"},"sameAs":["https:\/\/www.facebook.com\/profile.php?id=100009931984915"]}]}},"_links":{"self":[{"href":"https:\/\/cokhitienphat.com\/en\/wp-json\/wp\/v2\/product\/3276","targetHints":{"allow":["GET"]}}],"collection":[{"href":"https:\/\/cokhitienphat.com\/en\/wp-json\/wp\/v2\/product"}],"about":[{"href":"https:\/\/cokhitienphat.com\/en\/wp-json\/wp\/v2\/types\/product"}],"replies":[{"embeddable":true,"href":"https:\/\/cokhitienphat.com\/en\/wp-json\/wp\/v2\/comments?post=3276"}],"wp:featuredmedia":[{"embeddable":true,"href":"https:\/\/cokhitienphat.com\/en\/wp-json\/wp\/v2\/media\/3279"}],"wp:attachment":[{"href":"https:\/\/cokhitienphat.com\/en\/wp-json\/wp\/v2\/media?parent=3276"}],"wp:term":[{"taxonomy":"product_brand","embeddable":true,"href":"https:\/\/cokhitienphat.com\/en\/wp-json\/wp\/v2\/product_brand?post=3276"},{"taxonomy":"product_cat","embeddable":true,"href":"https:\/\/cokhitienphat.com\/en\/wp-json\/wp\/v2\/product_cat?post=3276"},{"taxonomy":"product_tag","embeddable":true,"href":"https:\/\/cokhitienphat.com\/en\/wp-json\/wp\/v2\/product_tag?post=3276"}],"curies":[{"name":"wp","href":"https:\/\/api.w.org\/{rel}","templated":true}]}}